{"id":3282,"date":"2022-02-06T11:55:08","date_gmt":"2022-02-06T09:55:08","guid":{"rendered":"https:\/\/www.jeunesdesaintjean.org\/?page_id=3282"},"modified":"2025-11-28T07:27:00","modified_gmt":"2025-11-28T05:27:00","slug":"contacte-nous","status":"publish","type":"page","link":"https:\/\/www.jeunesdesaintjean.org\/index.php\/contacte-nous\/","title":{"rendered":"Contactez-nous"},"content":{"rendered":"<div style=\"text-align: center;\">\n<p style=\"font-size: large;\">Pour nous contacter,<br \/>\nmerci de nous envoyer un mail \u00e0 l&rsquo;adresse :<\/p>\n<p style=\"font-size: large;\"><a href=\"mailto:campsjj@gmail.com\">campsjj@gmail.com<\/a><\/p>\n<p>Pour t&rsquo;inscrire \u00e0 la Newsletter c&rsquo;est juste ci-dessous<br \/>\n<em>(parfois cela met un peu de temps \u00e0 charger)<\/em><br \/>\n<iframe src=\"https:\/\/0n7k7.mjt.lu\/wgt\/0n7k7\/oih\/form?c=3d7d6140\" width=\"100%\" frameborder=\"0\" marginwidth=\"0\" marginheight=\"0\" scrolling=\"no\" data-w-type=\"embedded\"><\/iframe><br \/>\n<script type=\"text\/javascript\" src=\"https:\/\/app.mailjet.com\/pas-nc-embedded-v1.js\"><\/script><\/p>\n<\/div>\n","protected":false},"excerpt":{"rendered":"<p>Pour nous contacter, merci de nous envoyer un mail \u00e0 l&rsquo;adresse : campsjj@gmail.com Pour t&rsquo;inscrire \u00e0 la Newsletter c&rsquo;est juste ci-dessous (parfois cela met un peu de temps \u00e0 charger)<\/p>\n","protected":false},"author":1,"featured_media":0,"parent":0,"menu_order":0,"comment_status":"closed","ping_status":"closed","template":"","meta":{"two_page_speed":{"current_score":{"desktop_score":89,"desktop_tti":"1.3\u00a0","mobile_score":62,"mobile_tti":"6.4\u00a0","date":"10.10.2025 11:28:44 pm","status":"error_no_score"}},"footnotes":""},"class_list":["post-3282","page","type-page","status-publish","hentry"],"yoast_head":"<!-- This site is optimized with the Yoast SEO plugin v27.0 - https:\/\/yoast.com\/product\/yoast-seo-wordpress\/ -->\n<title>Contacte-nous - Jeunes de Saint-Jean<\/title>\n<meta name=\"description\" content=\"Pour ne louper aucune actualit\u00e9 des JJ, inscris-toi \u00e0 la Newsletter. Tu as des questions, contacte nous par mail : campsjj@gmail.com\" \/>\n<meta name=\"robots\" content=\"index, follow, max-snippet:-1, max-image-preview:large, max-video-preview:-1\" \/>\n<link rel=\"canonical\" href=\"https:\/\/www.jeunesdesaintjean.org\/index.php\/contacte-nous\/\" \/>\n<meta property=\"og:locale\" content=\"fr_FR\" \/>\n<meta property=\"og:type\" content=\"article\" \/>\n<meta property=\"og:title\" content=\"Contacte-nous - Jeunes de Saint-Jean\" \/>\n<meta property=\"og:description\" content=\"Pour ne louper aucune actualit\u00e9 des JJ, inscris-toi \u00e0 la Newsletter. Tu as des questions, contacte nous par mail : campsjj@gmail.com\" \/>\n<meta property=\"og:url\" content=\"https:\/\/www.jeunesdesaintjean.org\/index.php\/contacte-nous\/\" \/>\n<meta property=\"og:site_name\" content=\"Jeunes de Saint-Jean\" \/>\n<meta property=\"article:publisher\" content=\"https:\/\/www.facebook.com\/jeunesdesaintjean1?locale=fr_FR\" \/>\n<meta property=\"article:modified_time\" content=\"2025-11-28T05:27:00+00:00\" \/>\n<meta name=\"twitter:label1\" content=\"Dur\u00e9e de lecture estim\u00e9e\" \/>\n\t<meta name=\"twitter:data1\" content=\"1 minute\" \/>\n<script type=\"application\/ld+json\" class=\"yoast-schema-graph\">{\"@context\":\"https:\/\/schema.org\",\"@graph\":[{\"@type\":\"WebPage\",\"@id\":\"https:\/\/www.jeunesdesaintjean.org\/index.php\/contacte-nous\/\",\"url\":\"https:\/\/www.jeunesdesaintjean.org\/index.php\/contacte-nous\/\",\"name\":\"Contacte-nous - Jeunes de Saint-Jean\",\"isPartOf\":{\"@id\":\"https:\/\/www.jeunesdesaintjean.org\/#website\"},\"datePublished\":\"2022-02-06T09:55:08+00:00\",\"dateModified\":\"2025-11-28T05:27:00+00:00\",\"description\":\"Pour ne louper aucune actualit\u00e9 des JJ, inscris-toi \u00e0 la Newsletter. Tu as des questions, contacte nous par mail : campsjj@gmail.com\",\"breadcrumb\":{\"@id\":\"https:\/\/www.jeunesdesaintjean.org\/index.php\/contacte-nous\/#breadcrumb\"},\"inLanguage\":\"fr-FR\",\"potentialAction\":[{\"@type\":\"ReadAction\",\"target\":[\"https:\/\/www.jeunesdesaintjean.org\/index.php\/contacte-nous\/\"]}]},{\"@type\":\"BreadcrumbList\",\"@id\":\"https:\/\/www.jeunesdesaintjean.org\/index.php\/contacte-nous\/#breadcrumb\",\"itemListElement\":[{\"@type\":\"ListItem\",\"position\":1,\"name\":\"Accueil\",\"item\":\"https:\/\/www.jeunesdesaintjean.org\/\"},{\"@type\":\"ListItem\",\"position\":2,\"name\":\"Contactez-nous\"}]},{\"@type\":\"WebSite\",\"@id\":\"https:\/\/www.jeunesdesaintjean.org\/#website\",\"url\":\"https:\/\/www.jeunesdesaintjean.org\/\",\"name\":\"Jeunes de Saint-Jean\",\"description\":\"S\u00e9jours &quot;Spi et Sport&quot; pour Jeunes professionnels catholiques !\",\"publisher\":{\"@id\":\"https:\/\/www.jeunesdesaintjean.org\/#organization\"},\"alternateName\":\"Les JJ\",\"potentialAction\":[{\"@type\":\"SearchAction\",\"target\":{\"@type\":\"EntryPoint\",\"urlTemplate\":\"https:\/\/www.jeunesdesaintjean.org\/?s={search_term_string}\"},\"query-input\":{\"@type\":\"PropertyValueSpecification\",\"valueRequired\":true,\"valueName\":\"search_term_string\"}}],\"inLanguage\":\"fr-FR\"},{\"@type\":\"Organization\",\"@id\":\"https:\/\/www.jeunesdesaintjean.org\/#organization\",\"name\":\"Jeunes de Saint-Jean\",\"url\":\"https:\/\/www.jeunesdesaintjean.org\/\",\"logo\":{\"@type\":\"ImageObject\",\"inLanguage\":\"fr-FR\",\"@id\":\"https:\/\/www.jeunesdesaintjean.org\/#\/schema\/logo\/image\/\",\"url\":\"https:\/\/www.jeunesdesaintjean.org\/wp-content\/uploads\/2024\/01\/Logo-rouge-sur-fond-transparent.png\",\"contentUrl\":\"https:\/\/www.jeunesdesaintjean.org\/wp-content\/uploads\/2024\/01\/Logo-rouge-sur-fond-transparent.png\",\"width\":1600,\"height\":1600,\"caption\":\"Jeunes de Saint-Jean\"},\"image\":{\"@id\":\"https:\/\/www.jeunesdesaintjean.org\/#\/schema\/logo\/image\/\"},\"sameAs\":[\"https:\/\/www.facebook.com\/jeunesdesaintjean1?locale=fr_FR\",\"https:\/\/www.instagram.com\/jeunesdesaintjean\/\"]}]}<\/script>\n<!-- \/ Yoast SEO plugin. -->","yoast_head_json":{"title":"Contacte-nous - Jeunes de Saint-Jean","description":"Pour ne louper aucune actualit\u00e9 des JJ, inscris-toi \u00e0 la Newsletter. Tu as des questions, contacte nous par mail : campsjj@gmail.com","robots":{"index":"index","follow":"follow","max-snippet":"max-snippet:-1","max-image-preview":"max-image-preview:large","max-video-preview":"max-video-preview:-1"},"canonical":"https:\/\/www.jeunesdesaintjean.org\/index.php\/contacte-nous\/","og_locale":"fr_FR","og_type":"article","og_title":"Contacte-nous - Jeunes de Saint-Jean","og_description":"Pour ne louper aucune actualit\u00e9 des JJ, inscris-toi \u00e0 la Newsletter. Tu as des questions, contacte nous par mail : campsjj@gmail.com","og_url":"https:\/\/www.jeunesdesaintjean.org\/index.php\/contacte-nous\/","og_site_name":"Jeunes de Saint-Jean","article_publisher":"https:\/\/www.facebook.com\/jeunesdesaintjean1?locale=fr_FR","article_modified_time":"2025-11-28T05:27:00+00:00","twitter_misc":{"Dur\u00e9e de lecture estim\u00e9e":"1 minute"},"schema":{"@context":"https:\/\/schema.org","@graph":[{"@type":"WebPage","@id":"https:\/\/www.jeunesdesaintjean.org\/index.php\/contacte-nous\/","url":"https:\/\/www.jeunesdesaintjean.org\/index.php\/contacte-nous\/","name":"Contacte-nous - Jeunes de Saint-Jean","isPartOf":{"@id":"https:\/\/www.jeunesdesaintjean.org\/#website"},"datePublished":"2022-02-06T09:55:08+00:00","dateModified":"2025-11-28T05:27:00+00:00","description":"Pour ne louper aucune actualit\u00e9 des JJ, inscris-toi \u00e0 la Newsletter. Tu as des questions, contacte nous par mail : campsjj@gmail.com","breadcrumb":{"@id":"https:\/\/www.jeunesdesaintjean.org\/index.php\/contacte-nous\/#breadcrumb"},"inLanguage":"fr-FR","potentialAction":[{"@type":"ReadAction","target":["https:\/\/www.jeunesdesaintjean.org\/index.php\/contacte-nous\/"]}]},{"@type":"BreadcrumbList","@id":"https:\/\/www.jeunesdesaintjean.org\/index.php\/contacte-nous\/#breadcrumb","itemListElement":[{"@type":"ListItem","position":1,"name":"Accueil","item":"https:\/\/www.jeunesdesaintjean.org\/"},{"@type":"ListItem","position":2,"name":"Contactez-nous"}]},{"@type":"WebSite","@id":"https:\/\/www.jeunesdesaintjean.org\/#website","url":"https:\/\/www.jeunesdesaintjean.org\/","name":"Jeunes de Saint-Jean","description":"S\u00e9jours &quot;Spi et Sport&quot; pour Jeunes professionnels catholiques !","publisher":{"@id":"https:\/\/www.jeunesdesaintjean.org\/#organization"},"alternateName":"Les JJ","potentialAction":[{"@type":"SearchAction","target":{"@type":"EntryPoint","urlTemplate":"https:\/\/www.jeunesdesaintjean.org\/?s={search_term_string}"},"query-input":{"@type":"PropertyValueSpecification","valueRequired":true,"valueName":"search_term_string"}}],"inLanguage":"fr-FR"},{"@type":"Organization","@id":"https:\/\/www.jeunesdesaintjean.org\/#organization","name":"Jeunes de Saint-Jean","url":"https:\/\/www.jeunesdesaintjean.org\/","logo":{"@type":"ImageObject","inLanguage":"fr-FR","@id":"https:\/\/www.jeunesdesaintjean.org\/#\/schema\/logo\/image\/","url":"https:\/\/www.jeunesdesaintjean.org\/wp-content\/uploads\/2024\/01\/Logo-rouge-sur-fond-transparent.png","contentUrl":"https:\/\/www.jeunesdesaintjean.org\/wp-content\/uploads\/2024\/01\/Logo-rouge-sur-fond-transparent.png","width":1600,"height":1600,"caption":"Jeunes de Saint-Jean"},"image":{"@id":"https:\/\/www.jeunesdesaintjean.org\/#\/schema\/logo\/image\/"},"sameAs":["https:\/\/www.facebook.com\/jeunesdesaintjean1?locale=fr_FR","https:\/\/www.instagram.com\/jeunesdesaintjean\/"]}]}},"jetpack_sharing_enabled":true,"jetpack_shortlink":"https:\/\/wp.me\/P7zN5T-QW","_links":{"self":[{"href":"https:\/\/www.jeunesdesaintjean.org\/index.php\/wp-json\/wp\/v2\/pages\/3282","targetHints":{"allow":["GET"]}}],"collection":[{"href":"https:\/\/www.jeunesdesaintjean.org\/index.php\/wp-json\/wp\/v2\/pages"}],"about":[{"href":"https:\/\/www.jeunesdesaintjean.org\/index.php\/wp-json\/wp\/v2\/types\/page"}],"author":[{"embeddable":true,"href":"https:\/\/www.jeunesdesaintjean.org\/index.php\/wp-json\/wp\/v2\/users\/1"}],"replies":[{"embeddable":true,"href":"https:\/\/www.jeunesdesaintjean.org\/index.php\/wp-json\/wp\/v2\/comments?post=3282"}],"version-history":[{"count":15,"href":"https:\/\/www.jeunesdesaintjean.org\/index.php\/wp-json\/wp\/v2\/pages\/3282\/revisions"}],"predecessor-version":[{"id":4229,"href":"https:\/\/www.jeunesdesaintjean.org\/index.php\/wp-json\/wp\/v2\/pages\/3282\/revisions\/4229"}],"wp:attachment":[{"href":"https:\/\/www.jeunesdesaintjean.org\/index.php\/wp-json\/wp\/v2\/media?parent=3282"}],"curies":[{"name":"wp","href":"https:\/\/api.w.org\/{rel}","templated":true}]}}