{"id":1041,"date":"2015-09-21T16:07:57","date_gmt":"2015-09-21T16:07:57","guid":{"rendered":"http:\/\/www.unevieailleurs.com\/?page_id=1041"},"modified":"2024-12-11T21:30:16","modified_gmt":"2024-12-11T19:30:16","slug":"notre-histoire","status":"publish","type":"page","link":"https:\/\/www.jeunesdesaintjean.org\/index.php\/notre-histoire\/","title":{"rendered":"L&rsquo;esprit JJ"},"content":{"rendered":"<p>Chaque ann\u00e9e, les Jeunes de Saint-Jean organisent des s\u00e9jours en France et \u00e0 l&rsquo;\u00e9tranger pour les jeunes professionnels catholiques.<\/p>\n<p style=\"text-align: left;\">L&rsquo;ADN des JJ, c&rsquo;est :<\/p>\n<p style=\"text-align: center;\"><span style=\"color: #000000;\"><strong>PRIERE, AVENTURE &amp; FRATERNITE <\/strong><\/span><\/p>\n<p style=\"text-align: left;\">Deux tranches d&rsquo;\u00e2ges sont propos\u00e9es :<br \/>\n&#8211; Les JJ : jeunes pro de 25 \u00e0 35 ans<br \/>\n&#8211; Les JJ+ : jeunes pro de 25 \u00e0 38 ans<\/p>\n<h2>Un mod\u00e8le : l&rsquo;Ap\u00f4tre Saint Jean<\/h2>\n<p>Les Jeunes de Saint Jean prennent pour mod\u00e8le l\u2019ap\u00f4tre Saint Jean, consid\u00e9r\u00e9 comme le \u00abbien-aim\u00e9\u00bb du Seigneur. Pour devenir comme lui des amis du Christ, les JJ s\u2019impr\u00e8gnent de ses qualit\u00e9s :<\/p>\n<ul>\n<li>la jeunesse : en vivant dans la joie et l\u2019enthousiasme<\/li>\n<li>le discernement de l\u2019intelligence : en recherchant la v\u00e9rit\u00e9<\/li>\n<li>la simplicit\u00e9 du c\u0153ur : en construisant des relations solides et vraies<\/li>\n<\/ul>\n<h2>Historique<\/h2>\n<h3>Un \u00e9lan puis\u00e9 en Terre Sainte<\/h3>\n<p>En 1988, 17 jeunes, accompagn\u00e9s d\u2019un fr\u00e8re et d\u2019une s\u0153ur de la communaut\u00e9 Saint Jean, partent pour un p\u00e8lerinage en Terre Sainte. D\u00e8s leur retour, ils \u00e9prouvent le besoin de continuer \u00e0 vivre ensemble de l\u2019esprit de conversion qui les a boulevers\u00e9s et partagent leur enthousiasme \u00e0 d\u2019autres. L\u2019association \u201cJeunesse Johannique\u201d \u00e9tait n\u00e9e ! Elle s\u2019appellera ensuite \u201cAssociation des Jeunes de Saint Jean\u201d.<\/p>\n<h3>Des jeunes de plus en plus nombreux<\/h3>\n<p>En 1989, les JJ d\u00e9cident de r\u00e9pondre \u00e0 l\u2019invitation du Saint P\u00e8re qui les convie \u00e0 Saint Jacques de Compostelle pour les Journ\u00e9es Mondiales de la Jeunesse. L\u2019association prend alors de plus en plus d\u2019ampleur. Aujourd\u2019hui, elle rassemble pr\u00e8s de 300 jeunes de toute la France pour des activit\u00e9s tout au long de l\u2019ann\u00e9e. Toute l&rsquo;ann\u00e9e, plusieurs s\u00e9jours sont organis\u00e9s afin de permettre \u00e0 chacun de vivre un temps de d\u00e9tente et de ressourcement spirituel et amical pour booster sa vie de Foi.<\/p>\n<h2>La\u00a0Famille Saint-Jean<\/h2>\n<p>&#8211; <a href=\"https:\/\/freres-saint-jean.fr\" target=\"_blank\" rel=\"noopener\">Fr\u00e8res<\/a><\/p>\n<p>&#8211; Soeurs <a href=\"http:\/\/stjean.com\/les-soeurs-contemplatives-de-saint-jean\" target=\"_blank\" rel=\"noopener\">contemplatives <\/a>et <a href=\"https:\/\/soeursapostoliquesdesaintjean.com\" target=\"_blank\" rel=\"noopener\">apostoliques<\/a><\/p>\n<p>&#8211; <a href=\"http:\/\/stjean.com\/les-oblats\" target=\"_blank\" rel=\"noopener\">Oblats<\/a><\/p>\n<h2>Nos sites amis<\/h2>\n<p>P\u00e8lerins de la Mer : <a href=\"http:\/\/www.pelerinsdelamer.org\/\" target=\"_blank\" rel=\"noopener\">www.pelerinsdelamer.org<\/a><\/p>\n<p>Jeunes pros de Sainte C\u00e9cile (Paris) : <a href=\"http:\/\/jeunespros.free.fr\" target=\"_blank\" rel=\"noopener\">http:\/\/jeunespros.free.fr<\/a><\/p>\n<p>Fraternit\u00e9s Saint Jean Couples : <a href=\"http:\/\/www.fraternitessaintjeancouples.fr\/\" target=\"_blank\" rel=\"noopener\">www.fraternitessaintjeancouples.fr<\/a><\/p>\n<p>Jeunes \u00e0 Paris : <a href=\"http:\/\/www.paris.catholique.fr\/-Etudiants-et-Jeunes-Pros-.html\" target=\"_blank\" rel=\"noopener\">www.paris.catholique.fr\/-Etudiants-et-Jeunes-Pros-.html<\/a><\/p>\n","protected":false},"excerpt":{"rendered":"<p>Chaque ann\u00e9e, les Jeunes de Saint-Jean organisent des s\u00e9jours en France et \u00e0 l&rsquo;\u00e9tranger pour les jeunes professionnels catholiques. L&rsquo;ADN des JJ, c&rsquo;est : PRIERE, AVENTURE &amp; FRATERNITE Deux tranches d&rsquo;\u00e2ges sont propos\u00e9es : &#8211; Les JJ : jeunes pro de 25 \u00e0 35 ans &#8211; Les JJ+ : jeunes pro de 25 \u00e0 38 [&hellip;]<\/p>\n","protected":false},"author":1,"featured_media":0,"parent":0,"menu_order":0,"comment_status":"closed","ping_status":"closed","template":"","meta":{"two_page_speed":[],"footnotes":""},"class_list":["post-1041","page","type-page","status-publish","hentry"],"yoast_head":"<!-- This site is optimized with the Yoast SEO plugin v27.0 - https:\/\/yoast.com\/product\/yoast-seo-wordpress\/ -->\n<title>L&#039;esprit JJ - Jeunes de Saint-Jean<\/title>\n<meta name=\"description\" content=\"Depuis un peu plus de 35ans les Jeunes de Saint-Jean organisent des s\u00e9jours pour les Jeunes pro, Notre ADN: Spiritualit\u00e9 Aventure Fraternit\u00e9.\" \/>\n<meta name=\"robots\" content=\"index, follow, max-snippet:-1, max-image-preview:large, max-video-preview:-1\" \/>\n<link rel=\"canonical\" href=\"https:\/\/www.jeunesdesaintjean.org\/index.php\/notre-histoire\/\" \/>\n<meta property=\"og:locale\" content=\"fr_FR\" \/>\n<meta property=\"og:type\" content=\"article\" \/>\n<meta property=\"og:title\" content=\"L&#039;esprit JJ - Jeunes de Saint-Jean\" \/>\n<meta property=\"og:description\" content=\"Depuis un peu plus de 35ans les Jeunes de Saint-Jean organisent des s\u00e9jours pour les Jeunes pro, Notre ADN: Spiritualit\u00e9 Aventure Fraternit\u00e9.\" \/>\n<meta property=\"og:url\" content=\"https:\/\/www.jeunesdesaintjean.org\/index.php\/notre-histoire\/\" \/>\n<meta property=\"og:site_name\" content=\"Jeunes de Saint-Jean\" \/>\n<meta property=\"article:publisher\" content=\"https:\/\/www.facebook.com\/jeunesdesaintjean1?locale=fr_FR\" \/>\n<meta property=\"article:modified_time\" content=\"2024-12-11T19:30:16+00:00\" \/>\n<meta name=\"twitter:label1\" content=\"Dur\u00e9e de lecture estim\u00e9e\" \/>\n\t<meta name=\"twitter:data1\" content=\"2 minutes\" \/>\n<script type=\"application\/ld+json\" class=\"yoast-schema-graph\">{\"@context\":\"https:\/\/schema.org\",\"@graph\":[{\"@type\":\"WebPage\",\"@id\":\"https:\/\/www.jeunesdesaintjean.org\/index.php\/notre-histoire\/\",\"url\":\"https:\/\/www.jeunesdesaintjean.org\/index.php\/notre-histoire\/\",\"name\":\"L'esprit JJ - Jeunes de Saint-Jean\",\"isPartOf\":{\"@id\":\"https:\/\/www.jeunesdesaintjean.org\/#website\"},\"datePublished\":\"2015-09-21T16:07:57+00:00\",\"dateModified\":\"2024-12-11T19:30:16+00:00\",\"description\":\"Depuis un peu plus de 35ans les Jeunes de Saint-Jean organisent des s\u00e9jours pour les Jeunes pro, Notre ADN: Spiritualit\u00e9 Aventure Fraternit\u00e9.\",\"breadcrumb\":{\"@id\":\"https:\/\/www.jeunesdesaintjean.org\/index.php\/notre-histoire\/#breadcrumb\"},\"inLanguage\":\"fr-FR\",\"potentialAction\":[{\"@type\":\"ReadAction\",\"target\":[\"https:\/\/www.jeunesdesaintjean.org\/index.php\/notre-histoire\/\"]}]},{\"@type\":\"BreadcrumbList\",\"@id\":\"https:\/\/www.jeunesdesaintjean.org\/index.php\/notre-histoire\/#breadcrumb\",\"itemListElement\":[{\"@type\":\"ListItem\",\"position\":1,\"name\":\"Accueil\",\"item\":\"https:\/\/www.jeunesdesaintjean.org\/\"},{\"@type\":\"ListItem\",\"position\":2,\"name\":\"L&rsquo;esprit JJ\"}]},{\"@type\":\"WebSite\",\"@id\":\"https:\/\/www.jeunesdesaintjean.org\/#website\",\"url\":\"https:\/\/www.jeunesdesaintjean.org\/\",\"name\":\"Jeunes de Saint-Jean\",\"description\":\"S\u00e9jours &quot;Spi et Sport&quot; pour Jeunes professionnels catholiques !\",\"publisher\":{\"@id\":\"https:\/\/www.jeunesdesaintjean.org\/#organization\"},\"alternateName\":\"Les JJ\",\"potentialAction\":[{\"@type\":\"SearchAction\",\"target\":{\"@type\":\"EntryPoint\",\"urlTemplate\":\"https:\/\/www.jeunesdesaintjean.org\/?s={search_term_string}\"},\"query-input\":{\"@type\":\"PropertyValueSpecification\",\"valueRequired\":true,\"valueName\":\"search_term_string\"}}],\"inLanguage\":\"fr-FR\"},{\"@type\":\"Organization\",\"@id\":\"https:\/\/www.jeunesdesaintjean.org\/#organization\",\"name\":\"Jeunes de Saint-Jean\",\"url\":\"https:\/\/www.jeunesdesaintjean.org\/\",\"logo\":{\"@type\":\"ImageObject\",\"inLanguage\":\"fr-FR\",\"@id\":\"https:\/\/www.jeunesdesaintjean.org\/#\/schema\/logo\/image\/\",\"url\":\"https:\/\/www.jeunesdesaintjean.org\/wp-content\/uploads\/2024\/01\/Logo-rouge-sur-fond-transparent.png\",\"contentUrl\":\"https:\/\/www.jeunesdesaintjean.org\/wp-content\/uploads\/2024\/01\/Logo-rouge-sur-fond-transparent.png\",\"width\":1600,\"height\":1600,\"caption\":\"Jeunes de Saint-Jean\"},\"image\":{\"@id\":\"https:\/\/www.jeunesdesaintjean.org\/#\/schema\/logo\/image\/\"},\"sameAs\":[\"https:\/\/www.facebook.com\/jeunesdesaintjean1?locale=fr_FR\",\"https:\/\/www.instagram.com\/jeunesdesaintjean\/\"]}]}<\/script>\n<!-- \/ Yoast SEO plugin. -->","yoast_head_json":{"title":"L'esprit JJ - Jeunes de Saint-Jean","description":"Depuis un peu plus de 35ans les Jeunes de Saint-Jean organisent des s\u00e9jours pour les Jeunes pro, Notre ADN: Spiritualit\u00e9 Aventure Fraternit\u00e9.","robots":{"index":"index","follow":"follow","max-snippet":"max-snippet:-1","max-image-preview":"max-image-preview:large","max-video-preview":"max-video-preview:-1"},"canonical":"https:\/\/www.jeunesdesaintjean.org\/index.php\/notre-histoire\/","og_locale":"fr_FR","og_type":"article","og_title":"L'esprit JJ - Jeunes de Saint-Jean","og_description":"Depuis un peu plus de 35ans les Jeunes de Saint-Jean organisent des s\u00e9jours pour les Jeunes pro, Notre ADN: Spiritualit\u00e9 Aventure Fraternit\u00e9.","og_url":"https:\/\/www.jeunesdesaintjean.org\/index.php\/notre-histoire\/","og_site_name":"Jeunes de Saint-Jean","article_publisher":"https:\/\/www.facebook.com\/jeunesdesaintjean1?locale=fr_FR","article_modified_time":"2024-12-11T19:30:16+00:00","twitter_misc":{"Dur\u00e9e de lecture estim\u00e9e":"2 minutes"},"schema":{"@context":"https:\/\/schema.org","@graph":[{"@type":"WebPage","@id":"https:\/\/www.jeunesdesaintjean.org\/index.php\/notre-histoire\/","url":"https:\/\/www.jeunesdesaintjean.org\/index.php\/notre-histoire\/","name":"L'esprit JJ - Jeunes de Saint-Jean","isPartOf":{"@id":"https:\/\/www.jeunesdesaintjean.org\/#website"},"datePublished":"2015-09-21T16:07:57+00:00","dateModified":"2024-12-11T19:30:16+00:00","description":"Depuis un peu plus de 35ans les Jeunes de Saint-Jean organisent des s\u00e9jours pour les Jeunes pro, Notre ADN: Spiritualit\u00e9 Aventure Fraternit\u00e9.","breadcrumb":{"@id":"https:\/\/www.jeunesdesaintjean.org\/index.php\/notre-histoire\/#breadcrumb"},"inLanguage":"fr-FR","potentialAction":[{"@type":"ReadAction","target":["https:\/\/www.jeunesdesaintjean.org\/index.php\/notre-histoire\/"]}]},{"@type":"BreadcrumbList","@id":"https:\/\/www.jeunesdesaintjean.org\/index.php\/notre-histoire\/#breadcrumb","itemListElement":[{"@type":"ListItem","position":1,"name":"Accueil","item":"https:\/\/www.jeunesdesaintjean.org\/"},{"@type":"ListItem","position":2,"name":"L&rsquo;esprit JJ"}]},{"@type":"WebSite","@id":"https:\/\/www.jeunesdesaintjean.org\/#website","url":"https:\/\/www.jeunesdesaintjean.org\/","name":"Jeunes de Saint-Jean","description":"S\u00e9jours &quot;Spi et Sport&quot; pour Jeunes professionnels catholiques !","publisher":{"@id":"https:\/\/www.jeunesdesaintjean.org\/#organization"},"alternateName":"Les JJ","potentialAction":[{"@type":"SearchAction","target":{"@type":"EntryPoint","urlTemplate":"https:\/\/www.jeunesdesaintjean.org\/?s={search_term_string}"},"query-input":{"@type":"PropertyValueSpecification","valueRequired":true,"valueName":"search_term_string"}}],"inLanguage":"fr-FR"},{"@type":"Organization","@id":"https:\/\/www.jeunesdesaintjean.org\/#organization","name":"Jeunes de Saint-Jean","url":"https:\/\/www.jeunesdesaintjean.org\/","logo":{"@type":"ImageObject","inLanguage":"fr-FR","@id":"https:\/\/www.jeunesdesaintjean.org\/#\/schema\/logo\/image\/","url":"https:\/\/www.jeunesdesaintjean.org\/wp-content\/uploads\/2024\/01\/Logo-rouge-sur-fond-transparent.png","contentUrl":"https:\/\/www.jeunesdesaintjean.org\/wp-content\/uploads\/2024\/01\/Logo-rouge-sur-fond-transparent.png","width":1600,"height":1600,"caption":"Jeunes de Saint-Jean"},"image":{"@id":"https:\/\/www.jeunesdesaintjean.org\/#\/schema\/logo\/image\/"},"sameAs":["https:\/\/www.facebook.com\/jeunesdesaintjean1?locale=fr_FR","https:\/\/www.instagram.com\/jeunesdesaintjean\/"]}]}},"jetpack_sharing_enabled":true,"jetpack_shortlink":"https:\/\/wp.me\/P7zN5T-gN","_links":{"self":[{"href":"https:\/\/www.jeunesdesaintjean.org\/index.php\/wp-json\/wp\/v2\/pages\/1041","targetHints":{"allow":["GET"]}}],"collection":[{"href":"https:\/\/www.jeunesdesaintjean.org\/index.php\/wp-json\/wp\/v2\/pages"}],"about":[{"href":"https:\/\/www.jeunesdesaintjean.org\/index.php\/wp-json\/wp\/v2\/types\/page"}],"author":[{"embeddable":true,"href":"https:\/\/www.jeunesdesaintjean.org\/index.php\/wp-json\/wp\/v2\/users\/1"}],"replies":[{"embeddable":true,"href":"https:\/\/www.jeunesdesaintjean.org\/index.php\/wp-json\/wp\/v2\/comments?post=1041"}],"version-history":[{"count":13,"href":"https:\/\/www.jeunesdesaintjean.org\/index.php\/wp-json\/wp\/v2\/pages\/1041\/revisions"}],"predecessor-version":[{"id":4015,"href":"https:\/\/www.jeunesdesaintjean.org\/index.php\/wp-json\/wp\/v2\/pages\/1041\/revisions\/4015"}],"wp:attachment":[{"href":"https:\/\/www.jeunesdesaintjean.org\/index.php\/wp-json\/wp\/v2\/media?parent=1041"}],"curies":[{"name":"wp","href":"https:\/\/api.w.org\/{rel}","templated":true}]}}